{"id":10212,"date":"2025-02-23T23:48:03","date_gmt":"2025-02-23T23:48:03","guid":{"rendered":"https:\/\/skplan-tga.com\/?page_id=10212"},"modified":"2025-09-17T16:51:40","modified_gmt":"2025-09-17T16:51:40","slug":"erneuerbare-energien","status":"publish","type":"page","link":"https:\/\/skplan-tga.com\/en\/produkte\/erneuerbare-energien\/","title":{"rendered":"Renewable energy"},"content":{"rendered":"<div data-elementor-type=\"wp-page\" data-elementor-id=\"10212\" class=\"elementor elementor-10212\" data-elementor-post-type=\"page\">\n\t\t\t\t<div class=\"elementor-element elementor-element-d5f0ff2 e-con-full e-flex wcf-starter-animations-none e-con e-parent\" data-id=\"d5f0ff2\" data-element_type=\"container\" data-e-type=\"container\" data-settings=\"{&quot;background_background&quot;:&quot;video&quot;,&quot;background_video_link&quot;:&quot;https:\\\/\\\/skplan-tga.com\\\/wp-content\\\/uploads\\\/2025\\\/02\\\/1476774_People_Technology_1920x1080.mp4&quot;,&quot;wcf_enable_cursor_hover_effect_text&quot;:&quot;View&quot;,&quot;background_play_on_mobile&quot;:&quot;yes&quot;,&quot;wcf-animation&quot;:&quot;none&quot;}\">\n\t\t<div class=\"elementor-background-video-container\">\n\t\t\t\t\t\t\t<video class=\"elementor-background-video-hosted\" role=\"presentation\" autoplay muted playsinline loop><\/video>\n\t\t\t\t\t<\/div><div class=\"elementor-element elementor-element-bebf05a e-con-full e-flex wcf-starter-animations-none e-con e-child\" data-id=\"bebf05a\" data-element_type=\"container\" data-e-type=\"container\" data-settings=\"{&quot;wcf_enable_cursor_hover_effect_text&quot;:&quot;View&quot;,&quot;wcf-animation&quot;:&quot;none&quot;}\">\n\t\t\t\t<div class=\"elementor-element elementor-element-d8b8807 wcf-starter-animations-none wcf-t-animation-none elementor-widget elementor-widget-heading\" data-id=\"d8b8807\" data-element_type=\"widget\" data-e-type=\"widget\" data-settings=\"{&quot;wcf_starter_animations&quot;:&quot;none&quot;,&quot;wcf_anim_duration&quot;:1000,&quot;wcf_anim_delay&quot;:0,&quot;wcf_anim_ease&quot;:&quot;ease&quot;,&quot;wcf_text_animation&quot;:&quot;none&quot;,&quot;wcf-animation&quot;:&quot;none&quot;}\" data-widget_type=\"heading.default\">\n\t\t\t\t<div class=\"elementor-widget-container\">\n\t\t\t\t\t<h2 class=\"elementor-heading-title elementor-size-default\">Renewable energy<\/h2>\t\t\t\t<\/div>\n\t\t\t\t<\/div>\n\t\t\t\t<div class=\"elementor-element elementor-element-f30d4e6 wcf-starter-animations-none wcf-t-animation-none elementor-widget elementor-widget-text-editor\" data-id=\"f30d4e6\" data-element_type=\"widget\" data-e-type=\"widget\" data-settings=\"{&quot;wcf_starter_animations&quot;:&quot;none&quot;,&quot;wcf_anim_duration&quot;:1000,&quot;wcf_anim_delay&quot;:0,&quot;wcf_anim_ease&quot;:&quot;ease&quot;,&quot;wcf_text_animation&quot;:&quot;none&quot;,&quot;wcf-animation&quot;:&quot;none&quot;}\" data-widget_type=\"text-editor.default\">\n\t\t\t\t<div class=\"elementor-widget-container\">\n\t\t\t\t\t\t\t\t\t<p data-pm-slice=\"0 0 []\">Sustainable energy solutions are essential for an environmentally friendly future. Our innovative renewable energy technologies offer efficient and sustainable solutions for heating, cooling, and power supply systems.<\/p>\t\t\t\t\t\t\t\t<\/div>\n\t\t\t\t<\/div>\n\t\t\t\t<\/div>\n\t\t\t\t<\/div>\n\t\t<div class=\"elementor-element elementor-element-9b2d97c e-flex e-con-boxed wcf-starter-animations-none e-con e-parent\" data-id=\"9b2d97c\" data-element_type=\"container\" data-e-type=\"container\" data-settings=\"{&quot;wcf_enable_cursor_hover_effect_text&quot;:&quot;View&quot;,&quot;background_background&quot;:&quot;classic&quot;,&quot;wcf-animation&quot;:&quot;none&quot;}\">\n\t\t\t\t\t<div class=\"e-con-inner\">\n\t\t<div class=\"elementor-element elementor-element-8b309f3 e-con-full e-flex wcf-starter-animations-none e-con e-child\" data-id=\"8b309f3\" data-element_type=\"container\" data-e-type=\"container\" data-settings=\"{&quot;background_background&quot;:&quot;classic&quot;,&quot;wcf_enable_cursor_hover_effect_text&quot;:&quot;View&quot;,&quot;wcf-animation&quot;:&quot;none&quot;}\">\n\t\t\t\t<div class=\"elementor-element elementor-element-d6110c8 wcf-starter-animations-none wcf-t-animation-none elementor-widget elementor-widget-heading\" data-id=\"d6110c8\" data-element_type=\"widget\" data-e-type=\"widget\" data-settings=\"{&quot;wcf_starter_animations&quot;:&quot;none&quot;,&quot;wcf_anim_duration&quot;:1000,&quot;wcf_anim_delay&quot;:0,&quot;wcf_anim_ease&quot;:&quot;ease&quot;,&quot;wcf_text_animation&quot;:&quot;none&quot;,&quot;wcf-animation&quot;:&quot;none&quot;}\" data-widget_type=\"heading.default\">\n\t\t\t\t<div class=\"elementor-widget-container\">\n\t\t\t\t\t<h2 class=\"elementor-heading-title elementor-size-default\"><a href=\"#W\u00e4rmepumpen\">Heat pumps<\/a><\/h2>\t\t\t\t<\/div>\n\t\t\t\t<\/div>\n\t\t\t\t<\/div>\n\t\t<div class=\"elementor-element elementor-element-6984f61 e-con-full e-flex wcf-starter-animations-none e-con e-child\" data-id=\"6984f61\" data-element_type=\"container\" data-e-type=\"container\" data-settings=\"{&quot;background_background&quot;:&quot;classic&quot;,&quot;wcf_enable_cursor_hover_effect_text&quot;:&quot;View&quot;,&quot;wcf-animation&quot;:&quot;none&quot;}\">\n\t\t\t\t<div class=\"elementor-element elementor-element-3e4184b wcf-starter-animations-none wcf-t-animation-none elementor-widget elementor-widget-heading\" data-id=\"3e4184b\" data-element_type=\"widget\" data-e-type=\"widget\" data-settings=\"{&quot;wcf_starter_animations&quot;:&quot;none&quot;,&quot;wcf_anim_duration&quot;:1000,&quot;wcf_anim_delay&quot;:0,&quot;wcf_anim_ease&quot;:&quot;ease&quot;,&quot;wcf_text_animation&quot;:&quot;none&quot;,&quot;wcf-animation&quot;:&quot;none&quot;}\" data-widget_type=\"heading.default\">\n\t\t\t\t<div class=\"elementor-widget-container\">\n\t\t\t\t\t<h2 class=\"elementor-heading-title elementor-size-default\"><a href=\"#Photovoltaik\">Photovoltaics<\/a><\/h2>\t\t\t\t<\/div>\n\t\t\t\t<\/div>\n\t\t\t\t<\/div>\n\t\t<div class=\"elementor-element elementor-element-ce401c6 e-con-full e-flex wcf-starter-animations-none e-con e-child\" data-id=\"ce401c6\" data-element_type=\"container\" data-e-type=\"container\" data-settings=\"{&quot;background_background&quot;:&quot;classic&quot;,&quot;wcf_enable_cursor_hover_effect_text&quot;:&quot;View&quot;,&quot;wcf-animation&quot;:&quot;none&quot;}\">\n\t\t\t\t<div class=\"elementor-element elementor-element-f513c92 wcf-starter-animations-none wcf-t-animation-none elementor-widget elementor-widget-heading\" data-id=\"f513c92\" data-element_type=\"widget\" data-e-type=\"widget\" data-settings=\"{&quot;wcf_starter_animations&quot;:&quot;none&quot;,&quot;wcf_anim_duration&quot;:1000,&quot;wcf_anim_delay&quot;:0,&quot;wcf_anim_ease&quot;:&quot;ease&quot;,&quot;wcf_text_animation&quot;:&quot;none&quot;,&quot;wcf-animation&quot;:&quot;none&quot;}\" data-widget_type=\"heading.default\">\n\t\t\t\t<div class=\"elementor-widget-container\">\n\t\t\t\t\t<h2 class=\"elementor-heading-title elementor-size-default\"><a href=\"#Energier\u00fcckgewinnung\">Energy recovery<\/a><\/h2>\t\t\t\t<\/div>\n\t\t\t\t<\/div>\n\t\t\t\t<\/div>\n\t\t\t\t\t<\/div>\n\t\t\t\t<\/div>\n\t\t<div class=\"elementor-element elementor-element-3d36121 e-flex e-con-boxed wcf-starter-animations-none e-con e-parent\" data-id=\"3d36121\" data-element_type=\"container\" data-e-type=\"container\" id=\"W\u00e4rmepumpen\" data-settings=\"{&quot;background_background&quot;:&quot;classic&quot;,&quot;wcf_enable_cursor_hover_effect_text&quot;:&quot;View&quot;,&quot;wcf-animation&quot;:&quot;none&quot;}\">\n\t\t\t\t\t<div class=\"e-con-inner\">\n\t\t<div class=\"elementor-element elementor-element-15afef7 e-con-full e-flex wcf-starter-animations-none e-con e-child\" data-id=\"15afef7\" data-element_type=\"container\" data-e-type=\"container\" data-settings=\"{&quot;wcf_enable_cursor_hover_effect_text&quot;:&quot;View&quot;,&quot;background_background&quot;:&quot;classic&quot;,&quot;wcf-animation&quot;:&quot;none&quot;}\">\n\t\t\t\t<div class=\"elementor-element elementor-element-9ec1a18 wcf-starter-animations-none elementor-widget elementor-widget-image\" data-id=\"9ec1a18\" data-element_type=\"widget\" data-e-type=\"widget\" data-settings=\"{&quot;wcf_starter_animations&quot;:&quot;none&quot;,&quot;wcf_anim_duration&quot;:1000,&quot;wcf_anim_delay&quot;:0,&quot;wcf_anim_ease&quot;:&quot;ease&quot;,&quot;wcf-image-animation&quot;:&quot;none&quot;,&quot;wcf-animation&quot;:&quot;none&quot;}\" data-widget_type=\"image.default\">\n\t\t\t\t<div class=\"elementor-widget-container\">\n\t\t\t\t\t\t\t\t\t\t\t\t\t\t\t<img fetchpriority=\"high\" decoding=\"async\" width=\"1920\" height=\"1080\" src=\"https:\/\/skplan-tga.com\/wp-content\/uploads\/2025\/02\/Warmepumpen-img.jpg\" class=\"attachment-full size-full wp-image-10223\" alt=\"\" srcset=\"https:\/\/skplan-tga.com\/wp-content\/uploads\/2025\/02\/Warmepumpen-img.jpg 1920w, https:\/\/skplan-tga.com\/wp-content\/uploads\/2025\/02\/Warmepumpen-img-300x169.jpg 300w, https:\/\/skplan-tga.com\/wp-content\/uploads\/2025\/02\/Warmepumpen-img-1024x576.jpg 1024w, https:\/\/skplan-tga.com\/wp-content\/uploads\/2025\/02\/Warmepumpen-img-768x432.jpg 768w, https:\/\/skplan-tga.com\/wp-content\/uploads\/2025\/02\/Warmepumpen-img-1536x864.jpg 1536w\" sizes=\"(max-width: 1920px) 100vw, 1920px\" \/>\t\t\t\t\t\t\t\t\t\t\t\t\t\t\t<\/div>\n\t\t\t\t<\/div>\n\t\t\t\t<\/div>\n\t\t<div class=\"elementor-element elementor-element-51d9c34 e-con-full e-flex wcf-starter-animations-none e-con e-child\" data-id=\"51d9c34\" data-element_type=\"container\" data-e-type=\"container\" data-settings=\"{&quot;wcf_enable_cursor_hover_effect_text&quot;:&quot;View&quot;,&quot;wcf-animation&quot;:&quot;none&quot;}\">\n\t\t\t\t<div class=\"elementor-element elementor-element-0e15a1f wcf-starter-animations-none wcf-t-animation-none elementor-widget elementor-widget-heading\" data-id=\"0e15a1f\" data-element_type=\"widget\" data-e-type=\"widget\" data-settings=\"{&quot;wcf_starter_animations&quot;:&quot;none&quot;,&quot;wcf_anim_duration&quot;:1000,&quot;wcf_anim_delay&quot;:0,&quot;wcf_anim_ease&quot;:&quot;ease&quot;,&quot;wcf_text_animation&quot;:&quot;none&quot;,&quot;wcf-animation&quot;:&quot;none&quot;}\" data-widget_type=\"heading.default\">\n\t\t\t\t<div class=\"elementor-widget-container\">\n\t\t\t\t\t<h2 class=\"elementor-heading-title elementor-size-default\">Heat pumps<\/h2>\t\t\t\t<\/div>\n\t\t\t\t<\/div>\n\t\t\t\t<div class=\"elementor-element elementor-element-fed917e wcf-starter-animations-none wcf-t-animation-none elementor-widget elementor-widget-text-editor\" data-id=\"fed917e\" data-element_type=\"widget\" data-e-type=\"widget\" data-settings=\"{&quot;wcf_starter_animations&quot;:&quot;none&quot;,&quot;wcf_anim_duration&quot;:1000,&quot;wcf_anim_delay&quot;:0,&quot;wcf_anim_ease&quot;:&quot;ease&quot;,&quot;wcf_text_animation&quot;:&quot;none&quot;,&quot;wcf-animation&quot;:&quot;none&quot;}\" data-widget_type=\"text-editor.default\">\n\t\t\t\t<div class=\"elementor-widget-container\">\n\t\t\t\t\t\t\t\t\t<p>Our heat pump systems offer sustainable heating and cooling solutions with maximum energy efficiency. They utilize renewable energy sources such as air, water, or ground to generate environmentally friendly heat.<\/p><p>\u00a0<\/p><p>Thanks to modern technology, our systems enable significant savings in energy costs and reduce CO\u2082 emissions.<\/p><p>\u00a0<\/p><p>Furthermore, we offer tailor-made solutions for private households, businesses and industry that guarantee maximum efficiency and durability.<\/p>\t\t\t\t\t\t\t\t<\/div>\n\t\t\t\t<\/div>\n\t\t\t\t<\/div>\n\t\t\t\t\t<\/div>\n\t\t\t\t<\/div>\n\t\t<div class=\"elementor-element elementor-element-a5851b7 e-flex e-con-boxed wcf-starter-animations-none e-con e-parent\" data-id=\"a5851b7\" data-element_type=\"container\" data-e-type=\"container\" data-settings=\"{&quot;background_background&quot;:&quot;classic&quot;,&quot;wcf_enable_cursor_hover_effect_text&quot;:&quot;View&quot;,&quot;wcf-animation&quot;:&quot;none&quot;}\">\n\t\t\t\t\t<div class=\"e-con-inner\">\n\t\t\t\t<div class=\"elementor-element elementor-element-4144434 elementor-widget-divider--view-line elementor-widget elementor-widget-divider\" data-id=\"4144434\" data-element_type=\"widget\" data-e-type=\"widget\" data-settings=\"{&quot;wcf-animation&quot;:&quot;none&quot;}\" data-widget_type=\"divider.default\">\n\t\t\t\t<div class=\"elementor-widget-container\">\n\t\t\t\t\t\t\t<div class=\"elementor-divider\">\n\t\t\t<span class=\"elementor-divider-separator\">\n\t\t\t\t\t\t<\/span>\n\t\t<\/div>\n\t\t\t\t\t\t<\/div>\n\t\t\t\t<\/div>\n\t\t\t\t\t<\/div>\n\t\t\t\t<\/div>\n\t\t<div class=\"elementor-element elementor-element-6ee82ac e-flex e-con-boxed wcf-starter-animations-none e-con e-parent\" data-id=\"6ee82ac\" data-element_type=\"container\" data-e-type=\"container\" id=\"Photovoltaik\" data-settings=\"{&quot;background_background&quot;:&quot;classic&quot;,&quot;wcf_enable_cursor_hover_effect_text&quot;:&quot;View&quot;,&quot;wcf-animation&quot;:&quot;none&quot;}\">\n\t\t\t\t\t<div class=\"e-con-inner\">\n\t\t<div class=\"elementor-element elementor-element-1e18e75 e-con-full e-flex wcf-starter-animations-none e-con e-child\" data-id=\"1e18e75\" data-element_type=\"container\" data-e-type=\"container\" data-settings=\"{&quot;wcf_enable_cursor_hover_effect_text&quot;:&quot;View&quot;,&quot;wcf-animation&quot;:&quot;none&quot;}\">\n\t\t\t\t<div class=\"elementor-element elementor-element-0b6bf60 wcf-starter-animations-none wcf-t-animation-none elementor-widget elementor-widget-heading\" data-id=\"0b6bf60\" data-element_type=\"widget\" data-e-type=\"widget\" data-settings=\"{&quot;wcf_starter_animations&quot;:&quot;none&quot;,&quot;wcf_anim_duration&quot;:1000,&quot;wcf_anim_delay&quot;:0,&quot;wcf_anim_ease&quot;:&quot;ease&quot;,&quot;wcf_text_animation&quot;:&quot;none&quot;,&quot;wcf-animation&quot;:&quot;none&quot;}\" data-widget_type=\"heading.default\">\n\t\t\t\t<div class=\"elementor-widget-container\">\n\t\t\t\t\t<h2 class=\"elementor-heading-title elementor-size-default\">Photovoltaics<\/h2>\t\t\t\t<\/div>\n\t\t\t\t<\/div>\n\t\t\t\t<div class=\"elementor-element elementor-element-435ed0b wcf-starter-animations-none wcf-t-animation-none elementor-widget elementor-widget-text-editor\" data-id=\"435ed0b\" data-element_type=\"widget\" data-e-type=\"widget\" data-settings=\"{&quot;wcf_starter_animations&quot;:&quot;none&quot;,&quot;wcf_anim_duration&quot;:1000,&quot;wcf_anim_delay&quot;:0,&quot;wcf_anim_ease&quot;:&quot;ease&quot;,&quot;wcf_text_animation&quot;:&quot;none&quot;,&quot;wcf-animation&quot;:&quot;none&quot;}\" data-widget_type=\"text-editor.default\">\n\t\t\t\t<div class=\"elementor-widget-container\">\n\t\t\t\t\t\t\t\t\t<p>Our photovoltaic systems represent modern solar technologies that enable a sustainable electricity supply.<\/p><p>\u00a0<\/p><p>By directly converting sunlight into electrical energy, they contribute to reducing the ecological footprint.<\/p><p>\u00a0<\/p><p>Our tailor-made solutions are suitable for both private and commercial applications and offer high efficiency, innovative storage technologies and a reliable energy supply even under changing weather conditions.<\/p>\t\t\t\t\t\t\t\t<\/div>\n\t\t\t\t<\/div>\n\t\t\t\t<\/div>\n\t\t<div class=\"elementor-element elementor-element-364ba0f e-con-full e-flex wcf-starter-animations-none e-con e-child\" data-id=\"364ba0f\" data-element_type=\"container\" data-e-type=\"container\" data-settings=\"{&quot;wcf_enable_cursor_hover_effect_text&quot;:&quot;View&quot;,&quot;background_background&quot;:&quot;classic&quot;,&quot;wcf-animation&quot;:&quot;none&quot;}\">\n\t\t\t\t<div class=\"elementor-element elementor-element-099d82d wcf-starter-animations-none elementor-widget elementor-widget-image\" data-id=\"099d82d\" data-element_type=\"widget\" data-e-type=\"widget\" data-settings=\"{&quot;wcf_starter_animations&quot;:&quot;none&quot;,&quot;wcf_anim_duration&quot;:1000,&quot;wcf_anim_delay&quot;:0,&quot;wcf_anim_ease&quot;:&quot;ease&quot;,&quot;wcf-image-animation&quot;:&quot;none&quot;,&quot;wcf-animation&quot;:&quot;none&quot;}\" data-widget_type=\"image.default\">\n\t\t\t\t<div class=\"elementor-widget-container\">\n\t\t\t\t\t\t\t\t\t\t\t\t\t\t\t<img decoding=\"async\" width=\"2560\" height=\"1570\" src=\"https:\/\/skplan-tga.com\/wp-content\/uploads\/2025\/02\/EfD-2023_2.4-scaled-1-e1741841351320.jpeg\" class=\"attachment-full size-full wp-image-9665\" alt=\"\" srcset=\"https:\/\/skplan-tga.com\/wp-content\/uploads\/2025\/02\/EfD-2023_2.4-scaled-1-e1741841351320.jpeg 2560w, https:\/\/skplan-tga.com\/wp-content\/uploads\/2025\/02\/EfD-2023_2.4-scaled-1-e1741841351320-300x184.jpeg 300w, https:\/\/skplan-tga.com\/wp-content\/uploads\/2025\/02\/EfD-2023_2.4-scaled-1-e1741841351320-1024x628.jpeg 1024w, https:\/\/skplan-tga.com\/wp-content\/uploads\/2025\/02\/EfD-2023_2.4-scaled-1-e1741841351320-768x471.jpeg 768w, https:\/\/skplan-tga.com\/wp-content\/uploads\/2025\/02\/EfD-2023_2.4-scaled-1-e1741841351320-1536x942.jpeg 1536w, https:\/\/skplan-tga.com\/wp-content\/uploads\/2025\/02\/EfD-2023_2.4-scaled-1-e1741841351320-2048x1256.jpeg 2048w\" sizes=\"(max-width: 2560px) 100vw, 2560px\" \/>\t\t\t\t\t\t\t\t\t\t\t\t\t\t\t<\/div>\n\t\t\t\t<\/div>\n\t\t\t\t<\/div>\n\t\t\t\t\t<\/div>\n\t\t\t\t<\/div>\n\t\t<div class=\"elementor-element elementor-element-f925c4b e-flex e-con-boxed wcf-starter-animations-none e-con e-parent\" data-id=\"f925c4b\" data-element_type=\"container\" data-e-type=\"container\" data-settings=\"{&quot;background_background&quot;:&quot;classic&quot;,&quot;wcf_enable_cursor_hover_effect_text&quot;:&quot;View&quot;,&quot;wcf-animation&quot;:&quot;none&quot;}\">\n\t\t\t\t\t<div class=\"e-con-inner\">\n\t\t\t\t<div class=\"elementor-element elementor-element-dd8e787 elementor-widget-divider--view-line elementor-widget elementor-widget-divider\" data-id=\"dd8e787\" data-element_type=\"widget\" data-e-type=\"widget\" data-settings=\"{&quot;wcf-animation&quot;:&quot;none&quot;}\" data-widget_type=\"divider.default\">\n\t\t\t\t<div class=\"elementor-widget-container\">\n\t\t\t\t\t\t\t<div class=\"elementor-divider\">\n\t\t\t<span class=\"elementor-divider-separator\">\n\t\t\t\t\t\t<\/span>\n\t\t<\/div>\n\t\t\t\t\t\t<\/div>\n\t\t\t\t<\/div>\n\t\t\t\t\t<\/div>\n\t\t\t\t<\/div>\n\t\t<div class=\"elementor-element elementor-element-a0c7846 e-flex e-con-boxed wcf-starter-animations-none e-con e-parent\" data-id=\"a0c7846\" data-element_type=\"container\" data-e-type=\"container\" id=\"Energier\u00fcckgewinnung\" data-settings=\"{&quot;background_background&quot;:&quot;classic&quot;,&quot;wcf_enable_cursor_hover_effect_text&quot;:&quot;View&quot;,&quot;wcf-animation&quot;:&quot;none&quot;}\">\n\t\t\t\t\t<div class=\"e-con-inner\">\n\t\t<div class=\"elementor-element elementor-element-17e20cf e-con-full e-flex wcf-starter-animations-none e-con e-child\" data-id=\"17e20cf\" data-element_type=\"container\" data-e-type=\"container\" data-settings=\"{&quot;wcf_enable_cursor_hover_effect_text&quot;:&quot;View&quot;,&quot;background_background&quot;:&quot;classic&quot;,&quot;wcf-animation&quot;:&quot;none&quot;}\">\n\t\t\t\t<\/div>\n\t\t<div class=\"elementor-element elementor-element-e69fe2d e-con-full e-flex wcf-starter-animations-none e-con e-child\" data-id=\"e69fe2d\" data-element_type=\"container\" data-e-type=\"container\" data-settings=\"{&quot;wcf_enable_cursor_hover_effect_text&quot;:&quot;View&quot;,&quot;wcf-animation&quot;:&quot;none&quot;}\">\n\t\t\t\t<div class=\"elementor-element elementor-element-96f321d wcf-starter-animations-none wcf-t-animation-none elementor-widget elementor-widget-heading\" data-id=\"96f321d\" data-element_type=\"widget\" data-e-type=\"widget\" data-settings=\"{&quot;wcf_starter_animations&quot;:&quot;none&quot;,&quot;wcf_anim_duration&quot;:1000,&quot;wcf_anim_delay&quot;:0,&quot;wcf_anim_ease&quot;:&quot;ease&quot;,&quot;wcf_text_animation&quot;:&quot;none&quot;,&quot;wcf-animation&quot;:&quot;none&quot;}\" data-widget_type=\"heading.default\">\n\t\t\t\t<div class=\"elementor-widget-container\">\n\t\t\t\t\t<h2 class=\"elementor-heading-title elementor-size-default\">Energy recovery<\/h2>\t\t\t\t<\/div>\n\t\t\t\t<\/div>\n\t\t\t\t<div class=\"elementor-element elementor-element-249855a wcf-starter-animations-none wcf-t-animation-none elementor-widget elementor-widget-text-editor\" data-id=\"249855a\" data-element_type=\"widget\" data-e-type=\"widget\" data-settings=\"{&quot;wcf_starter_animations&quot;:&quot;none&quot;,&quot;wcf_anim_duration&quot;:1000,&quot;wcf_anim_delay&quot;:0,&quot;wcf_anim_ease&quot;:&quot;ease&quot;,&quot;wcf_text_animation&quot;:&quot;none&quot;,&quot;wcf-animation&quot;:&quot;none&quot;}\" data-widget_type=\"text-editor.default\">\n\t\t\t\t<div class=\"elementor-widget-container\">\n\t\t\t\t\t\t\t\t\t<p>Our energy recovery systems offer effective solutions for utilizing excess energy and reducing energy losses.<\/p><p>\u00a0<\/p><p>By recovering and reusing waste heat from industrial processes, ventilation systems or wastewater systems, operating costs can be reduced and energy efficiency significantly increased.<\/p><p>\u00a0<\/p><p>Our innovative concepts help to maximize sustainable energy use in various areas.<\/p>\t\t\t\t\t\t\t\t<\/div>\n\t\t\t\t<\/div>\n\t\t\t\t<\/div>\n\t\t\t\t\t<\/div>\n\t\t\t\t<\/div>\n\t\t<div class=\"elementor-element elementor-element-65ce7ee e-flex e-con-boxed wcf-starter-animations-none e-con e-parent\" data-id=\"65ce7ee\" data-element_type=\"container\" data-e-type=\"container\" data-settings=\"{&quot;wcf_enable_cursor_hover_effect_text&quot;:&quot;View&quot;,&quot;background_background&quot;:&quot;classic&quot;,&quot;wcf-animation&quot;:&quot;none&quot;}\">\n\t\t\t\t\t<div class=\"e-con-inner\">\n\t\t<div class=\"elementor-element elementor-element-90b3e62 e-con-full e-flex wcf-starter-animations-none e-con e-child\" data-id=\"90b3e62\" data-element_type=\"container\" data-e-type=\"container\" data-settings=\"{&quot;wcf_enable_cursor_hover_effect_text&quot;:&quot;View&quot;,&quot;background_background&quot;:&quot;classic&quot;,&quot;wcf-animation&quot;:&quot;none&quot;}\">\n\t\t\t\t<div class=\"elementor-element elementor-element-9d9f343 wcf-t-animation-text_reveal elementor-widget-mobile__width-inherit elementor-widget__width-initial wcf-starter-animations-none elementor-widget elementor-widget-wcf--title\" data-id=\"9d9f343\" data-element_type=\"widget\" data-e-type=\"widget\" data-settings=\"{&quot;wcf_text_animation&quot;:&quot;text_reveal&quot;,&quot;text_animation_breakpoint&quot;:&quot;mobile&quot;,&quot;wcf_starter_animations&quot;:&quot;none&quot;,&quot;wcf_anim_duration&quot;:1000,&quot;wcf_anim_delay&quot;:0,&quot;wcf_anim_ease&quot;:&quot;ease&quot;,&quot;text_delay&quot;:0.15,&quot;text_duration&quot;:1,&quot;text_stagger&quot;:0.02,&quot;text_breakpoint_min_max&quot;:&quot;min&quot;,&quot;wcf-animation&quot;:&quot;none&quot;}\" data-widget_type=\"wcf--title.default\">\n\t\t\t\t<div class=\"elementor-widget-container\">\n\t\t\t\t\t<h2 class=\"wcf--title\">Ideas and innovations<br>\nfor our customers<\/h2>\t\t\t\t<\/div>\n\t\t\t\t<\/div>\n\t\t\t\t<div class=\"elementor-element elementor-element-fb8b633 elementor-widget elementor-widget-wcf--button\" data-id=\"fb8b633\" data-element_type=\"widget\" data-e-type=\"widget\" data-settings=\"{&quot;wcf-animation&quot;:&quot;fade&quot;,&quot;data-duration&quot;:1.15,&quot;fade_animation_breakpoint&quot;:&quot;mobile&quot;,&quot;on-scroll&quot;:&quot;1&quot;,&quot;delay&quot;:0.15,&quot;fade-from&quot;:&quot;bottom&quot;,&quot;ease&quot;:&quot;power2.out&quot;,&quot;fade-offset&quot;:50,&quot;fade_breakpoint_min_max&quot;:&quot;min&quot;}\" data-widget_type=\"wcf--button.default\">\n\t\t\t\t<div class=\"elementor-widget-container\">\n\t\t\t\t\t\t\t<div class=\"wcf__btn icon-position-after\">\r\n\t\t\t\t\t\t\t<a href=\"https:\/\/skplan-tga.com\/en\/kontakt\/\" class=\"wcf-btn-underline\">\r\n\t\t\t\t\t<svg xmlns=\"http:\/\/www.w3.org\/2000\/svg\" width=\"21\" height=\"7\" viewbox=\"0 0 21 7\"><path fill-rule=\"evenodd\" clip-rule=\"evenodd\" d=\"M11.726 0.366792C12.0758 -0.0606525 12.7058 -0.123655 13.1332 0.226073L20.8014 6.50003H1C0.447715 6.50003 0 6.05231 0 5.50003C0 4.94775 0.447715 4.50003 1 4.50003H15.1986L11.8668 1.77399C11.4393 1.42426 11.3763 0.794237 11.726 0.366792Z\"><\/path><\/svg>\t\t\t\t\tCONTACT US\t\t\t\t<\/a>\r\n\t\t\t\t\t\t<\/div>\r\n\t\t\t\t\t\t<\/div>\n\t\t\t\t<\/div>\n\t\t\t\t<\/div>\n\t\t\t\t\t<\/div>\n\t\t\t\t<\/div>\n\t\t\t\t<\/div>","protected":false},"excerpt":{"rendered":"<p>Erneuerbare Energien Nachhaltige Energiel\u00f6sungen sind essenziell f\u00fcr eine umweltfreundliche Zukunft. Unsere innovativen Technologien f\u00fcr erneuerbare Energien bieten effiziente und nachhaltige L\u00f6sungen f\u00fcr Heiz-, K\u00fchl- und Stromversorgungssysteme. W\u00e4rmepumpen Photovoltaik Energier\u00fcckgewinnung W\u00e4rmepumpen Unsere W\u00e4rmepumpensysteme bieten nachhaltige Heiz- und K\u00fchll\u00f6sungen mit maximaler Energieeffizienz. Sie nutzen erneuerbare Energiequellen wie Luft, Wasser oder Erde, um umweltfreundliche W\u00e4rme zu erzeugen. \u00a0 [&hellip;]<\/p>\n","protected":false},"author":1,"featured_media":0,"parent":2371,"menu_order":0,"comment_status":"closed","ping_status":"closed","template":"elementor_header_footer","meta":{"footnotes":""},"class_list":["post-10212","page","type-page","status-publish","hentry"],"_links":{"self":[{"href":"https:\/\/skplan-tga.com\/en\/wp-json\/wp\/v2\/pages\/10212","targetHints":{"allow":["GET"]}}],"collection":[{"href":"https:\/\/skplan-tga.com\/en\/wp-json\/wp\/v2\/pages"}],"about":[{"href":"https:\/\/skplan-tga.com\/en\/wp-json\/wp\/v2\/types\/page"}],"author":[{"embeddable":true,"href":"https:\/\/skplan-tga.com\/en\/wp-json\/wp\/v2\/users\/1"}],"replies":[{"embeddable":true,"href":"https:\/\/skplan-tga.com\/en\/wp-json\/wp\/v2\/comments?post=10212"}],"version-history":[{"count":67,"href":"https:\/\/skplan-tga.com\/en\/wp-json\/wp\/v2\/pages\/10212\/revisions"}],"predecessor-version":[{"id":11804,"href":"https:\/\/skplan-tga.com\/en\/wp-json\/wp\/v2\/pages\/10212\/revisions\/11804"}],"up":[{"embeddable":true,"href":"https:\/\/skplan-tga.com\/en\/wp-json\/wp\/v2\/pages\/2371"}],"wp:attachment":[{"href":"https:\/\/skplan-tga.com\/en\/wp-json\/wp\/v2\/media?parent=10212"}],"curies":[{"name":"wp","href":"https:\/\/api.w.org\/{rel}","templated":true}]}}