{"id":10492,"date":"2025-03-08T03:26:46","date_gmt":"2025-03-08T03:26:46","guid":{"rendered":"https:\/\/skplan-tga.com\/?page_id=10492"},"modified":"2025-09-17T01:37:39","modified_gmt":"2025-09-17T01:37:39","slug":"green-building","status":"publish","type":"page","link":"https:\/\/skplan-tga.com\/en\/dienstleistung-skplan-tga\/green-building\/","title":{"rendered":"Green building"},"content":{"rendered":"\t\t<div data-elementor-type=\"wp-page\" data-elementor-id=\"10492\" class=\"elementor elementor-10492\" data-elementor-post-type=\"page\">\n\t\t\t\t<div class=\"elementor-element elementor-element-5674690 e-con-full e-flex wcf-starter-animations-none e-con e-parent\" data-id=\"5674690\" data-element_type=\"container\" data-e-type=\"container\" data-settings=\"{&quot;background_background&quot;:&quot;video&quot;,&quot;background_video_link&quot;:&quot;https:\\\/\\\/skplan-tga.com\\\/wp-content\\\/uploads\\\/2025\\\/09\\\/Uberschrift-hinzufugen-1.mp4&quot;,&quot;wcf_enable_cursor_hover_effect_text&quot;:&quot;View&quot;,&quot;background_play_on_mobile&quot;:&quot;yes&quot;,&quot;wcf-animation&quot;:&quot;none&quot;}\">\n\t\t<div class=\"elementor-background-video-container\">\n\t\t\t\t\t\t\t<video class=\"elementor-background-video-hosted\" role=\"presentation\" autoplay muted playsinline loop><\/video>\n\t\t\t\t\t<\/div><div class=\"elementor-element elementor-element-efbede9 e-con-full e-flex wcf-starter-animations-none e-con e-child\" data-id=\"efbede9\" data-element_type=\"container\" data-e-type=\"container\" data-settings=\"{&quot;wcf_enable_cursor_hover_effect_text&quot;:&quot;View&quot;,&quot;wcf-animation&quot;:&quot;none&quot;}\">\n\t\t\t\t<div class=\"elementor-element elementor-element-1732f49 wcf-starter-animations-none wcf-t-animation-none elementor-widget elementor-widget-heading\" data-id=\"1732f49\" data-element_type=\"widget\" data-e-type=\"widget\" data-settings=\"{&quot;wcf_starter_animations&quot;:&quot;none&quot;,&quot;wcf_anim_duration&quot;:1000,&quot;wcf_anim_delay&quot;:0,&quot;wcf_anim_ease&quot;:&quot;ease&quot;,&quot;wcf_text_animation&quot;:&quot;none&quot;,&quot;wcf-animation&quot;:&quot;none&quot;}\" data-widget_type=\"heading.default\">\n\t\t\t\t<div class=\"elementor-widget-container\">\n\t\t\t\t\t<h2 class=\"elementor-heading-title elementor-size-default\">Green building<\/h2>\t\t\t\t<\/div>\n\t\t\t\t<\/div>\n\t\t\t\t<div class=\"elementor-element elementor-element-e91643e wcf-starter-animations-none wcf-t-animation-none elementor-widget elementor-widget-text-editor\" data-id=\"e91643e\" data-element_type=\"widget\" data-e-type=\"widget\" data-settings=\"{&quot;wcf_starter_animations&quot;:&quot;none&quot;,&quot;wcf_anim_duration&quot;:1000,&quot;wcf_anim_delay&quot;:0,&quot;wcf_anim_ease&quot;:&quot;ease&quot;,&quot;wcf_text_animation&quot;:&quot;none&quot;,&quot;wcf-animation&quot;:&quot;none&quot;}\" data-widget_type=\"text-editor.default\">\n\t\t\t\t<div class=\"elementor-widget-container\">\n\t\t\t\t\t\t\t\t\t<h3 data-pm-slice=\"0 0 []\">Nachhaltiges Bauen f\u00fcr eine umweltfreundliche Zukunft<\/h3>\t\t\t\t\t\t\t\t<\/div>\n\t\t\t\t<\/div>\n\t\t\t\t<div class=\"elementor-element elementor-element-a341d8f wcf-starter-animations-none wcf-t-animation-none elementor-widget elementor-widget-text-editor\" data-id=\"a341d8f\" data-element_type=\"widget\" data-e-type=\"widget\" data-settings=\"{&quot;wcf_starter_animations&quot;:&quot;none&quot;,&quot;wcf_anim_duration&quot;:1000,&quot;wcf_anim_delay&quot;:0,&quot;wcf_anim_ease&quot;:&quot;ease&quot;,&quot;wcf_text_animation&quot;:&quot;none&quot;,&quot;wcf-animation&quot;:&quot;none&quot;}\" data-widget_type=\"text-editor.default\">\n\t\t\t\t<div class=\"elementor-widget-container\">\n\t\t\t\t\t\t\t\t\t<p data-pm-slice=\"0 0 []\">Der Bau- und Immobiliensektor spielt eine entscheidende Rolle im Kampf gegen den Klimawandel. Mit unseren Green-Building-L\u00f6sungen unterst\u00fctzt <strong>SKPlan TGA<\/strong> Unternehmen, Architekten und Bauherren bei der Entwicklung nachhaltiger und energieeffizienter Geb\u00e4ude, die Umweltfreundlichkeit mit Wirtschaftlichkeit verbinden.<\/p>\t\t\t\t\t\t\t\t<\/div>\n\t\t\t\t<\/div>\n\t\t\t\t<\/div>\n\t\t\t\t<\/div>\n\t\t<div class=\"elementor-element elementor-element-896de96 e-con-full elementor-hidden-mobile_extra elementor-hidden-mobile e-flex wcf-starter-animations-none e-con e-child\" data-id=\"896de96\" data-element_type=\"container\" data-e-type=\"container\" data-settings=\"{&quot;wcf_enable_cursor_hover_effect_text&quot;:&quot;View&quot;,&quot;background_background&quot;:&quot;classic&quot;,&quot;wcf-animation&quot;:&quot;none&quot;}\">\n\t\t\t\t<div class=\"elementor-element elementor-element-fabfae0 wcf-starter-animations-none wcf-t-animation-none elementor-widget elementor-widget-heading\" data-id=\"fabfae0\" data-element_type=\"widget\" data-e-type=\"widget\" data-settings=\"{&quot;wcf_starter_animations&quot;:&quot;none&quot;,&quot;wcf_anim_duration&quot;:1000,&quot;wcf_anim_delay&quot;:0,&quot;wcf_anim_ease&quot;:&quot;ease&quot;,&quot;wcf_text_animation&quot;:&quot;none&quot;,&quot;wcf-animation&quot;:&quot;none&quot;}\" data-widget_type=\"heading.default\">\n\t\t\t\t<div class=\"elementor-widget-container\">\n\t\t\t\t\t<h2 class=\"elementor-heading-title elementor-size-default\">Unsere Green-Building-Dienstleistungen<\/h2>\t\t\t\t<\/div>\n\t\t\t\t<\/div>\n\t\t\t\t<\/div>\n\t\t<div class=\"elementor-element elementor-element-0362305 e-flex e-con-boxed wcf-starter-animations-none e-con e-parent\" data-id=\"0362305\" data-element_type=\"container\" data-e-type=\"container\" data-settings=\"{&quot;background_background&quot;:&quot;classic&quot;,&quot;wcf_enable_cursor_hover_effect_text&quot;:&quot;View&quot;,&quot;wcf-animation&quot;:&quot;none&quot;}\">\n\t\t\t\t\t<div class=\"e-con-inner\">\n\t\t<div class=\"elementor-element elementor-element-320a7c6 e-con-full e-flex wcf-starter-animations-none e-con e-child\" data-id=\"320a7c6\" data-element_type=\"container\" data-e-type=\"container\" data-settings=\"{&quot;wcf_enable_cursor_hover_effect_text&quot;:&quot;View&quot;,&quot;wcf-animation&quot;:&quot;none&quot;}\">\n\t\t\t\t<div class=\"elementor-element elementor-element-c45ea99 wcf-starter-animations-none wcf-t-animation-none elementor-widget elementor-widget-text-editor\" data-id=\"c45ea99\" data-element_type=\"widget\" data-e-type=\"widget\" data-settings=\"{&quot;wcf_starter_animations&quot;:&quot;none&quot;,&quot;wcf_anim_duration&quot;:1000,&quot;wcf_anim_delay&quot;:0,&quot;wcf_anim_ease&quot;:&quot;ease&quot;,&quot;wcf_text_animation&quot;:&quot;none&quot;,&quot;wcf-animation&quot;:&quot;none&quot;}\" data-widget_type=\"text-editor.default\">\n\t\t\t\t<div class=\"elementor-widget-container\">\n\t\t\t\t\t\t\t\t\t<p data-pm-slice=\"1 1 [&quot;list&quot;,{&quot;spread&quot;:false,&quot;start&quot;:454,&quot;end&quot;:1015},&quot;regular_list_item&quot;,{&quot;start&quot;:454,&quot;end&quot;:577}]\"><strong>Energieeffiziente TGA L\u00f6sungen <\/strong>: Nutzung innovativer Technologien und Materialien zur Reduzierung des Energieverbrauchs.<\/p>\t\t\t\t\t\t\t\t<\/div>\n\t\t\t\t<\/div>\n\t\t\t\t<div class=\"elementor-element elementor-element-9a75424 wcf-starter-animations-none wcf-t-animation-none elementor-widget elementor-widget-text-editor\" data-id=\"9a75424\" data-element_type=\"widget\" data-e-type=\"widget\" data-settings=\"{&quot;wcf_starter_animations&quot;:&quot;none&quot;,&quot;wcf_anim_duration&quot;:1000,&quot;wcf_anim_delay&quot;:0,&quot;wcf_anim_ease&quot;:&quot;ease&quot;,&quot;wcf_text_animation&quot;:&quot;none&quot;,&quot;wcf-animation&quot;:&quot;none&quot;}\" data-widget_type=\"text-editor.default\">\n\t\t\t\t<div class=\"elementor-widget-container\">\n\t\t\t\t\t\t\t\t\t<p data-pm-slice=\"1 1 [&quot;list&quot;,{&quot;spread&quot;:false,&quot;start&quot;:454,&quot;end&quot;:1015},&quot;regular_list_item&quot;,{&quot;start&quot;:672,&quot;end&quot;:796}]\"><strong>Smart Building Technologien<\/strong>: Integration von IoT und Automatisierung zur Optimierung von Energieverbrauch und Komfort.<\/p>\t\t\t\t\t\t\t\t<\/div>\n\t\t\t\t<\/div>\n\t\t\t\t<div class=\"elementor-element elementor-element-ae3bd38 wcf-starter-animations-none wcf-t-animation-none elementor-widget elementor-widget-text-editor\" data-id=\"ae3bd38\" data-element_type=\"widget\" data-e-type=\"widget\" data-settings=\"{&quot;wcf_starter_animations&quot;:&quot;none&quot;,&quot;wcf_anim_duration&quot;:1000,&quot;wcf_anim_delay&quot;:0,&quot;wcf_anim_ease&quot;:&quot;ease&quot;,&quot;wcf_text_animation&quot;:&quot;none&quot;,&quot;wcf-animation&quot;:&quot;none&quot;}\" data-widget_type=\"text-editor.default\">\n\t\t\t\t<div class=\"elementor-widget-container\">\n\t\t\t\t\t\t\t\t\t<p data-pm-slice=\"0 0 []\"><strong>Zertifizierungen &amp; Standards<\/strong>: Beratung zur Einhaltung von Umweltzertifikaten wie LEED, BREEAM und DGNB.<\/p>\t\t\t\t\t\t\t\t<\/div>\n\t\t\t\t<\/div>\n\t\t\t\t<\/div>\n\t\t<div class=\"elementor-element elementor-element-4619ea0 e-con-full e-flex wcf-starter-animations-none e-con e-child\" data-id=\"4619ea0\" data-element_type=\"container\" data-e-type=\"container\" data-settings=\"{&quot;wcf_enable_cursor_hover_effect_text&quot;:&quot;View&quot;,&quot;wcf-animation&quot;:&quot;none&quot;}\">\n\t\t\t\t<div class=\"elementor-element elementor-element-290a4f0 wcf-starter-animations-none elementor-widget elementor-widget-image\" data-id=\"290a4f0\" data-element_type=\"widget\" data-e-type=\"widget\" data-settings=\"{&quot;wcf_starter_animations&quot;:&quot;none&quot;,&quot;wcf_anim_duration&quot;:1000,&quot;wcf_anim_delay&quot;:0,&quot;wcf_anim_ease&quot;:&quot;ease&quot;,&quot;wcf-image-animation&quot;:&quot;none&quot;,&quot;wcf-animation&quot;:&quot;none&quot;}\" data-widget_type=\"image.default\">\n\t\t\t\t<div class=\"elementor-widget-container\">\n\t\t\t\t\t\t\t\t\t\t\t\t\t\t\t<img fetchpriority=\"high\" decoding=\"async\" width=\"2093\" height=\"1440\" src=\"https:\/\/skplan-tga.com\/wp-content\/uploads\/2025\/03\/Buildings_Ground_view-scaled-e1741480821229.jpg\" class=\"attachment-full size-full wp-image-10538\" alt=\"\" srcset=\"https:\/\/skplan-tga.com\/wp-content\/uploads\/2025\/03\/Buildings_Ground_view-scaled-e1741480821229.jpg 2093w, https:\/\/skplan-tga.com\/wp-content\/uploads\/2025\/03\/Buildings_Ground_view-scaled-e1741480821229-300x206.jpg 300w, https:\/\/skplan-tga.com\/wp-content\/uploads\/2025\/03\/Buildings_Ground_view-scaled-e1741480821229-1024x705.jpg 1024w, https:\/\/skplan-tga.com\/wp-content\/uploads\/2025\/03\/Buildings_Ground_view-scaled-e1741480821229-768x528.jpg 768w, https:\/\/skplan-tga.com\/wp-content\/uploads\/2025\/03\/Buildings_Ground_view-scaled-e1741480821229-1536x1057.jpg 1536w, https:\/\/skplan-tga.com\/wp-content\/uploads\/2025\/03\/Buildings_Ground_view-scaled-e1741480821229-2048x1409.jpg 2048w\" sizes=\"(max-width: 2093px) 100vw, 2093px\" \/>\t\t\t\t\t\t\t\t\t\t\t\t\t\t\t<\/div>\n\t\t\t\t<\/div>\n\t\t\t\t<\/div>\n\t\t\t\t\t<\/div>\n\t\t\t\t<\/div>\n\t\t<div class=\"elementor-element elementor-element-05bd262 e-con-full elementor-hidden-mobile_extra elementor-hidden-mobile e-flex wcf-starter-animations-none e-con e-child\" data-id=\"05bd262\" data-element_type=\"container\" data-e-type=\"container\" data-settings=\"{&quot;wcf_enable_cursor_hover_effect_text&quot;:&quot;View&quot;,&quot;background_background&quot;:&quot;classic&quot;,&quot;wcf-animation&quot;:&quot;none&quot;}\">\n\t\t\t\t<div class=\"elementor-element elementor-element-db72fa7 wcf-starter-animations-none wcf-t-animation-none elementor-widget elementor-widget-heading\" data-id=\"db72fa7\" data-element_type=\"widget\" data-e-type=\"widget\" data-settings=\"{&quot;wcf_starter_animations&quot;:&quot;none&quot;,&quot;wcf_anim_duration&quot;:1000,&quot;wcf_anim_delay&quot;:0,&quot;wcf_anim_ease&quot;:&quot;ease&quot;,&quot;wcf_text_animation&quot;:&quot;none&quot;,&quot;wcf-animation&quot;:&quot;none&quot;}\" data-widget_type=\"heading.default\">\n\t\t\t\t<div class=\"elementor-widget-container\">\n\t\t\t\t\t<h2 class=\"elementor-heading-title elementor-size-default\">Vorteile von Green Building mit SKPlan TGA<\/h2>\t\t\t\t<\/div>\n\t\t\t\t<\/div>\n\t\t\t\t<\/div>\n\t\t<div class=\"elementor-element elementor-element-e2e9a24 e-flex e-con-boxed wcf-starter-animations-none e-con e-parent\" data-id=\"e2e9a24\" data-element_type=\"container\" data-e-type=\"container\" data-settings=\"{&quot;background_background&quot;:&quot;classic&quot;,&quot;wcf_enable_cursor_hover_effect_text&quot;:&quot;View&quot;,&quot;wcf-animation&quot;:&quot;none&quot;}\">\n\t\t\t\t\t<div class=\"e-con-inner\">\n\t\t<div class=\"elementor-element elementor-element-4a2f0a5 e-con-full e-flex wcf-starter-animations-none e-con e-child\" data-id=\"4a2f0a5\" data-element_type=\"container\" data-e-type=\"container\" data-settings=\"{&quot;wcf_enable_cursor_hover_effect_text&quot;:&quot;View&quot;,&quot;wcf-animation&quot;:&quot;none&quot;}\">\n\t\t\t\t<div class=\"elementor-element elementor-element-46d235b wcf-starter-animations-none wcf-t-animation-none elementor-widget elementor-widget-text-editor\" data-id=\"46d235b\" data-element_type=\"widget\" data-e-type=\"widget\" data-settings=\"{&quot;wcf_starter_animations&quot;:&quot;none&quot;,&quot;wcf_anim_duration&quot;:1000,&quot;wcf_anim_delay&quot;:0,&quot;wcf_anim_ease&quot;:&quot;ease&quot;,&quot;wcf_text_animation&quot;:&quot;none&quot;,&quot;wcf-animation&quot;:&quot;none&quot;}\" data-widget_type=\"text-editor.default\">\n\t\t\t\t<div class=\"elementor-widget-container\">\n\t\t\t\t\t\t\t\t\t<p data-pm-slice=\"0 0 []\"><strong>Kosteneinsparung<\/strong> durch reduzierte Betriebskosten und Energieeffizienz<\/p>\t\t\t\t\t\t\t\t<\/div>\n\t\t\t\t<\/div>\n\t\t\t\t<\/div>\n\t\t<div class=\"elementor-element elementor-element-4c43c8c e-con-full e-flex wcf-starter-animations-none e-con e-child\" data-id=\"4c43c8c\" data-element_type=\"container\" data-e-type=\"container\" data-settings=\"{&quot;wcf_enable_cursor_hover_effect_text&quot;:&quot;View&quot;,&quot;wcf-animation&quot;:&quot;none&quot;}\">\n\t\t\t\t<div class=\"elementor-element elementor-element-1ef55dd wcf-starter-animations-none wcf-t-animation-none elementor-widget elementor-widget-text-editor\" data-id=\"1ef55dd\" data-element_type=\"widget\" data-e-type=\"widget\" data-settings=\"{&quot;wcf_starter_animations&quot;:&quot;none&quot;,&quot;wcf_anim_duration&quot;:1000,&quot;wcf_anim_delay&quot;:0,&quot;wcf_anim_ease&quot;:&quot;ease&quot;,&quot;wcf_text_animation&quot;:&quot;none&quot;,&quot;wcf-animation&quot;:&quot;none&quot;}\" data-widget_type=\"text-editor.default\">\n\t\t\t\t<div class=\"elementor-widget-container\">\n\t\t\t\t\t\t\t\t\t<p data-pm-slice=\"0 0 []\"><strong>H\u00f6herer Immobilienwert<\/strong> durch nachhaltige Bauweise<\/p>\t\t\t\t\t\t\t\t<\/div>\n\t\t\t\t<\/div>\n\t\t\t\t<\/div>\n\t\t<div class=\"elementor-element elementor-element-3391ef6 e-con-full e-flex wcf-starter-animations-none e-con e-child\" data-id=\"3391ef6\" data-element_type=\"container\" data-e-type=\"container\" data-settings=\"{&quot;wcf_enable_cursor_hover_effect_text&quot;:&quot;View&quot;,&quot;wcf-animation&quot;:&quot;none&quot;}\">\n\t\t\t\t<div class=\"elementor-element elementor-element-42767c5 wcf-starter-animations-none wcf-t-animation-none elementor-widget elementor-widget-text-editor\" data-id=\"42767c5\" data-element_type=\"widget\" data-e-type=\"widget\" data-settings=\"{&quot;wcf_starter_animations&quot;:&quot;none&quot;,&quot;wcf_anim_duration&quot;:1000,&quot;wcf_anim_delay&quot;:0,&quot;wcf_anim_ease&quot;:&quot;ease&quot;,&quot;wcf_text_animation&quot;:&quot;none&quot;,&quot;wcf-animation&quot;:&quot;none&quot;}\" data-widget_type=\"text-editor.default\">\n\t\t\t\t<div class=\"elementor-widget-container\">\n\t\t\t\t\t\t\t\t\t<p data-pm-slice=\"1 1 [&quot;list&quot;,{&quot;spread&quot;:false,&quot;start&quot;:1065,&quot;end&quot;:1413},&quot;regular_list_item&quot;,{&quot;start&quot;:1197,&quot;end&quot;:1256}]\"><strong>Umweltfreundlichkeit<\/strong> durch reduzierten CO2-Fu\u00dfabdruck<\/p>\t\t\t\t\t\t\t\t<\/div>\n\t\t\t\t<\/div>\n\t\t\t\t<\/div>\n\t\t<div class=\"elementor-element elementor-element-d991dc4 e-con-full e-flex wcf-starter-animations-none e-con e-child\" data-id=\"d991dc4\" data-element_type=\"container\" data-e-type=\"container\" data-settings=\"{&quot;wcf_enable_cursor_hover_effect_text&quot;:&quot;View&quot;,&quot;wcf-animation&quot;:&quot;none&quot;}\">\n\t\t\t\t<div class=\"elementor-element elementor-element-bf9ce78 wcf-starter-animations-none wcf-t-animation-none elementor-widget elementor-widget-text-editor\" data-id=\"bf9ce78\" data-element_type=\"widget\" data-e-type=\"widget\" data-settings=\"{&quot;wcf_starter_animations&quot;:&quot;none&quot;,&quot;wcf_anim_duration&quot;:1000,&quot;wcf_anim_delay&quot;:0,&quot;wcf_anim_ease&quot;:&quot;ease&quot;,&quot;wcf_text_animation&quot;:&quot;none&quot;,&quot;wcf-animation&quot;:&quot;none&quot;}\" data-widget_type=\"text-editor.default\">\n\t\t\t\t<div class=\"elementor-widget-container\">\n\t\t\t\t\t\t\t\t\t<p data-pm-slice=\"1 1 [&quot;list&quot;,{&quot;spread&quot;:false,&quot;start&quot;:1065,&quot;end&quot;:1413},&quot;regular_list_item&quot;,{&quot;start&quot;:1257,&quot;end&quot;:1333}]\"><strong>Gesundes Raumklima<\/strong> durch bessere Luftqualit\u00e4t und nat\u00fcrliche Bel\u00fcftung<\/p>\t\t\t\t\t\t\t\t<\/div>\n\t\t\t\t<\/div>\n\t\t\t\t<\/div>\n\t\t<div class=\"elementor-element elementor-element-4963d73 e-con-full e-flex wcf-starter-animations-none e-con e-child\" data-id=\"4963d73\" data-element_type=\"container\" data-e-type=\"container\" data-settings=\"{&quot;wcf_enable_cursor_hover_effect_text&quot;:&quot;View&quot;,&quot;wcf-animation&quot;:&quot;none&quot;}\">\n\t\t\t\t<div class=\"elementor-element elementor-element-44cb5dc wcf-starter-animations-none wcf-t-animation-none elementor-widget elementor-widget-text-editor\" data-id=\"44cb5dc\" data-element_type=\"widget\" data-e-type=\"widget\" data-settings=\"{&quot;wcf_starter_animations&quot;:&quot;none&quot;,&quot;wcf_anim_duration&quot;:1000,&quot;wcf_anim_delay&quot;:0,&quot;wcf_anim_ease&quot;:&quot;ease&quot;,&quot;wcf_text_animation&quot;:&quot;none&quot;,&quot;wcf-animation&quot;:&quot;none&quot;}\" data-widget_type=\"text-editor.default\">\n\t\t\t\t<div class=\"elementor-widget-container\">\n\t\t\t\t\t\t\t\t\t<p data-pm-slice=\"1 1 [&quot;list&quot;,{&quot;spread&quot;:false,&quot;start&quot;:1065,&quot;end&quot;:1413},&quot;regular_list_item&quot;,{&quot;start&quot;:1334,&quot;end&quot;:1413}]\"><strong>Regulatorische Vorteile<\/strong> durch Erf\u00fcllung von Umweltauflagen und -standards<\/p>\t\t\t\t\t\t\t\t<\/div>\n\t\t\t\t<\/div>\n\t\t\t\t<\/div>\n\t\t\t\t\t<\/div>\n\t\t\t\t<\/div>\n\t\t<div class=\"elementor-element elementor-element-ed2ac30 e-flex e-con-boxed wcf-starter-animations-none e-con e-parent\" data-id=\"ed2ac30\" data-element_type=\"container\" data-e-type=\"container\" data-settings=\"{&quot;wcf_enable_cursor_hover_effect_text&quot;:&quot;View&quot;,&quot;background_background&quot;:&quot;classic&quot;,&quot;wcf-animation&quot;:&quot;none&quot;}\">\n\t\t\t\t\t<div class=\"e-con-inner\">\n\t\t<div class=\"elementor-element elementor-element-fe1e4db e-con-full e-flex wcf-starter-animations-none e-con e-child\" data-id=\"fe1e4db\" data-element_type=\"container\" data-e-type=\"container\" data-settings=\"{&quot;wcf_enable_cursor_hover_effect_text&quot;:&quot;View&quot;,&quot;background_background&quot;:&quot;classic&quot;,&quot;wcf-animation&quot;:&quot;none&quot;}\">\n\t\t\t\t<div class=\"elementor-element elementor-element-8da5164 wcf-t-animation-text_reveal elementor-widget-mobile__width-inherit elementor-widget__width-initial wcf-starter-animations-none elementor-widget elementor-widget-wcf--title\" data-id=\"8da5164\" data-element_type=\"widget\" data-e-type=\"widget\" data-settings=\"{&quot;wcf_text_animation&quot;:&quot;text_reveal&quot;,&quot;text_animation_breakpoint&quot;:&quot;mobile&quot;,&quot;wcf_starter_animations&quot;:&quot;none&quot;,&quot;wcf_anim_duration&quot;:1000,&quot;wcf_anim_delay&quot;:0,&quot;wcf_anim_ease&quot;:&quot;ease&quot;,&quot;text_delay&quot;:0.15,&quot;text_duration&quot;:1,&quot;text_stagger&quot;:0.02,&quot;text_breakpoint_min_max&quot;:&quot;min&quot;,&quot;wcf-animation&quot;:&quot;none&quot;}\" data-widget_type=\"wcf--title.default\">\n\t\t\t\t<div class=\"elementor-widget-container\">\n\t\t\t\t\t<h2 class=\"wcf--title\">Ideen und Innovationen<br>\nf\u00fcr unsere Kunden<\/h2>\t\t\t\t<\/div>\n\t\t\t\t<\/div>\n\t\t\t\t<div class=\"elementor-element elementor-element-b1d77e9 elementor-widget elementor-widget-wcf--button\" data-id=\"b1d77e9\" data-element_type=\"widget\" data-e-type=\"widget\" data-settings=\"{&quot;wcf-animation&quot;:&quot;fade&quot;,&quot;data-duration&quot;:1.15,&quot;fade_animation_breakpoint&quot;:&quot;mobile&quot;,&quot;on-scroll&quot;:&quot;1&quot;,&quot;delay&quot;:0.15,&quot;fade-from&quot;:&quot;bottom&quot;,&quot;ease&quot;:&quot;power2.out&quot;,&quot;fade-offset&quot;:50,&quot;fade_breakpoint_min_max&quot;:&quot;min&quot;}\" data-widget_type=\"wcf--button.default\">\n\t\t\t\t<div class=\"elementor-widget-container\">\n\t\t\t\t\t\t\t<div class=\"wcf__btn icon-position-after\">\r\n\t\t\t\t\t\t\t<a href=\"https:\/\/skplan-tga.com\/kontakt\/\" class=\"wcf-btn-underline\">\r\n\t\t\t\t\t<svg xmlns=\"http:\/\/www.w3.org\/2000\/svg\" width=\"21\" height=\"7\" viewBox=\"0 0 21 7\"><path fill-rule=\"evenodd\" clip-rule=\"evenodd\" d=\"M11.726 0.366792C12.0758 -0.0606525 12.7058 -0.123655 13.1332 0.226073L20.8014 6.50003H1C0.447715 6.50003 0 6.05231 0 5.50003C0 4.94775 0.447715 4.50003 1 4.50003H15.1986L11.8668 1.77399C11.4393 1.42426 11.3763 0.794237 11.726 0.366792Z\"><\/path><\/svg>\t\t\t\t\tKONTAKTIEREN SIE UNS\t\t\t\t<\/a>\r\n\t\t\t\t\t\t<\/div>\r\n\t\t\t\t\t\t<\/div>\n\t\t\t\t<\/div>\n\t\t\t\t<\/div>\n\t\t\t\t\t<\/div>\n\t\t\t\t<\/div>\n\t\t\t\t<\/div>\n\t\t","protected":false},"excerpt":{"rendered":"<p>Green building Nachhaltiges Bauen f\u00fcr eine umweltfreundliche Zukunft Der Bau- und Immobiliensektor spielt eine entscheidende Rolle im Kampf gegen den Klimawandel. Mit unseren Green-Building-L\u00f6sungen unterst\u00fctzt SKPlan TGA Unternehmen, Architekten und Bauherren bei der Entwicklung nachhaltiger und energieeffizienter Geb\u00e4ude, die Umweltfreundlichkeit mit Wirtschaftlichkeit verbinden. Unsere Green-Building-Dienstleistungen Energieeffiziente TGA L\u00f6sungen : Nutzung innovativer Technologien und Materialien zur [&hellip;]<\/p>\n","protected":false},"author":1,"featured_media":0,"parent":10573,"menu_order":0,"comment_status":"closed","ping_status":"closed","template":"elementor_header_footer","meta":{"footnotes":""},"class_list":["post-10492","page","type-page","status-publish","hentry"],"_links":{"self":[{"href":"https:\/\/skplan-tga.com\/en\/wp-json\/wp\/v2\/pages\/10492","targetHints":{"allow":["GET"]}}],"collection":[{"href":"https:\/\/skplan-tga.com\/en\/wp-json\/wp\/v2\/pages"}],"about":[{"href":"https:\/\/skplan-tga.com\/en\/wp-json\/wp\/v2\/types\/page"}],"author":[{"embeddable":true,"href":"https:\/\/skplan-tga.com\/en\/wp-json\/wp\/v2\/users\/1"}],"replies":[{"embeddable":true,"href":"https:\/\/skplan-tga.com\/en\/wp-json\/wp\/v2\/comments?post=10492"}],"version-history":[{"count":79,"href":"https:\/\/skplan-tga.com\/en\/wp-json\/wp\/v2\/pages\/10492\/revisions"}],"predecessor-version":[{"id":11751,"href":"https:\/\/skplan-tga.com\/en\/wp-json\/wp\/v2\/pages\/10492\/revisions\/11751"}],"up":[{"embeddable":true,"href":"https:\/\/skplan-tga.com\/en\/wp-json\/wp\/v2\/pages\/10573"}],"wp:attachment":[{"href":"https:\/\/skplan-tga.com\/en\/wp-json\/wp\/v2\/media?parent=10492"}],"curies":[{"name":"wp","href":"https:\/\/api.w.org\/{rel}","templated":true}]}}