{"id":10683,"date":"2025-03-10T03:53:38","date_gmt":"2025-03-10T03:53:38","guid":{"rendered":"https:\/\/skplan-tga.com\/?page_id=10683"},"modified":"2025-09-17T16:39:33","modified_gmt":"2025-09-17T16:39:33","slug":"impressum","status":"publish","type":"page","link":"https:\/\/skplan-tga.com\/en\/impressum\/","title":{"rendered":"imprint"},"content":{"rendered":"<div data-elementor-type=\"wp-page\" data-elementor-id=\"10683\" class=\"elementor elementor-10683\" data-elementor-post-type=\"page\">\n\t\t\t\t<div class=\"elementor-element elementor-element-380be9f e-flex e-con-boxed wcf-starter-animations-none e-con e-parent\" data-id=\"380be9f\" data-element_type=\"container\" data-e-type=\"container\" data-settings=\"{&quot;background_background&quot;:&quot;classic&quot;,&quot;wcf_enable_cursor_hover_effect_text&quot;:&quot;View&quot;,&quot;wcf-animation&quot;:&quot;none&quot;}\">\n\t\t\t\t\t<div class=\"e-con-inner\">\n\t\t\t\t<div class=\"elementor-element elementor-element-0236649 wcf-starter-animations-none wcf-t-animation-none elementor-widget elementor-widget-heading\" data-id=\"0236649\" data-element_type=\"widget\" data-e-type=\"widget\" data-settings=\"{&quot;wcf_starter_animations&quot;:&quot;none&quot;,&quot;wcf_anim_duration&quot;:1000,&quot;wcf_anim_delay&quot;:0,&quot;wcf_anim_ease&quot;:&quot;ease&quot;,&quot;wcf_text_animation&quot;:&quot;none&quot;,&quot;wcf-animation&quot;:&quot;none&quot;}\" data-widget_type=\"heading.default\">\n\t\t\t\t<div class=\"elementor-widget-container\">\n\t\t\t\t\t<h2 class=\"elementor-heading-title elementor-size-default\">imprint<\/h2>\t\t\t\t<\/div>\n\t\t\t\t<\/div>\n\t\t\t\t\t<\/div>\n\t\t\t\t<\/div>\n\t\t<div class=\"elementor-element elementor-element-6a65d8c e-flex e-con-boxed wcf-starter-animations-none e-con e-parent\" data-id=\"6a65d8c\" data-element_type=\"container\" data-e-type=\"container\" data-settings=\"{&quot;wcf_enable_cursor_hover_effect_text&quot;:&quot;View&quot;,&quot;wcf-animation&quot;:&quot;none&quot;}\">\n\t\t\t\t\t<div class=\"e-con-inner\">\n\t\t<div class=\"elementor-element elementor-element-b688ff7 e-con-full e-flex wcf-starter-animations-none e-con e-child\" data-id=\"b688ff7\" data-element_type=\"container\" data-e-type=\"container\" data-settings=\"{&quot;wcf_enable_cursor_hover_effect_text&quot;:&quot;View&quot;,&quot;wcf-animation&quot;:&quot;none&quot;}\">\n\t\t\t\t<div class=\"elementor-element elementor-element-3278726 wcf-starter-animations-none wcf-t-animation-none elementor-widget elementor-widget-text-editor\" data-id=\"3278726\" data-element_type=\"widget\" data-e-type=\"widget\" data-settings=\"{&quot;wcf_starter_animations&quot;:&quot;none&quot;,&quot;wcf_anim_duration&quot;:1000,&quot;wcf_anim_delay&quot;:0,&quot;wcf_anim_ease&quot;:&quot;ease&quot;,&quot;wcf_text_animation&quot;:&quot;none&quot;,&quot;wcf-animation&quot;:&quot;none&quot;}\" data-widget_type=\"text-editor.default\">\n\t\t\t\t<div class=\"elementor-widget-container\">\n\t\t\t\t\t\t\t\t\t<p data-start=\"142\" data-end=\"228\"><strong data-start=\"142\" data-end=\"155\">SKPlan TGA<\/strong><br data-start=\"177\" data-end=\"180\" \/>Brunnisaachweg 10, 88677<\/p><p data-start=\"142\" data-end=\"228\">Markdorf, Germany<\/p><p data-start=\"142\" data-end=\"228\"><strong>Represented by:<\/strong><br data-start=\"246\" data-end=\"249\" \/>Karim Saouib<\/p><p data-start=\"317\" data-end=\"444\">\u00a0<\/p>\t\t\t\t\t\t\t\t<\/div>\n\t\t\t\t<\/div>\n\t\t\t\t<\/div>\n\t\t<div class=\"elementor-element elementor-element-8be3c91 e-con-full e-flex wcf-starter-animations-none e-con e-child\" data-id=\"8be3c91\" data-element_type=\"container\" data-e-type=\"container\" data-settings=\"{&quot;wcf_enable_cursor_hover_effect_text&quot;:&quot;View&quot;,&quot;wcf-animation&quot;:&quot;none&quot;}\">\n\t\t\t\t<div class=\"elementor-element elementor-element-d6eaead wcf-starter-animations-none wcf-t-animation-none elementor-widget elementor-widget-text-editor\" data-id=\"d6eaead\" data-element_type=\"widget\" data-e-type=\"widget\" data-settings=\"{&quot;wcf_starter_animations&quot;:&quot;none&quot;,&quot;wcf_anim_duration&quot;:1000,&quot;wcf_anim_delay&quot;:0,&quot;wcf_anim_ease&quot;:&quot;ease&quot;,&quot;wcf_text_animation&quot;:&quot;none&quot;,&quot;wcf-animation&quot;:&quot;none&quot;}\" data-widget_type=\"text-editor.default\">\n\t\t\t\t<div class=\"elementor-widget-container\">\n\t\t\t\t\t\t\t\t\t<p data-start=\"317\" data-end=\"444\"><strong data-start=\"142\" data-end=\"155\">Contact:<\/strong><br data-start=\"329\" data-end=\"332\" \/>Phone: <a href=\"tel:017632153201\">+49 (0) 1 76 32 15 32 01<\/a><br data-start=\"361\" data-end=\"364\" \/>E-Mail: <a href=\"mailto:s.karim@skplan-tga.com\">s.karim@skplan-tga.com<\/a><br data-start=\"390\" data-end=\"393\" \/>Website: <a href=\"https:\/\/skplan-tga.com\/en\/\" target=\"_new\" rel=\"noopener\" data-start=\"402\" data-end=\"444\">www.skplan-tga.com<\/a><\/p>\t\t\t\t\t\t\t\t<\/div>\n\t\t\t\t<\/div>\n\t\t\t\t<\/div>\n\t\t<div class=\"elementor-element elementor-element-60f7266 e-con-full e-flex wcf-starter-animations-none e-con e-child\" data-id=\"60f7266\" data-element_type=\"container\" data-e-type=\"container\" data-settings=\"{&quot;wcf_enable_cursor_hover_effect_text&quot;:&quot;View&quot;,&quot;wcf-animation&quot;:&quot;none&quot;}\">\n\t\t\t\t<div class=\"elementor-element elementor-element-1009aa9 wcf-starter-animations-none wcf-t-animation-none elementor-widget elementor-widget-text-editor\" data-id=\"1009aa9\" data-element_type=\"widget\" data-e-type=\"widget\" data-settings=\"{&quot;wcf_starter_animations&quot;:&quot;none&quot;,&quot;wcf_anim_duration&quot;:1000,&quot;wcf_anim_delay&quot;:0,&quot;wcf_anim_ease&quot;:&quot;ease&quot;,&quot;wcf_text_animation&quot;:&quot;none&quot;,&quot;wcf-animation&quot;:&quot;none&quot;}\" data-widget_type=\"text-editor.default\">\n\t\t\t\t<div class=\"elementor-widget-container\">\n\t\t\t\t\t\t\t\t\t<p data-start=\"446\" data-end=\"556\"><strong data-start=\"142\" data-end=\"155\">Commercial register:<\/strong><br data-start=\"466\" data-end=\"469\" \/>Tax ID number: 87313\/10228<\/p><p data-start=\"446\" data-end=\"556\"><strong data-start=\"558\" data-end=\"614\">Responsible for the content according to \u00a7 55 Abs. 2 RStV:<\/strong><br data-start=\"614\" data-end=\"617\" \/>Karim Saouib<\/p>\t\t\t\t\t\t\t\t<\/div>\n\t\t\t\t<\/div>\n\t\t\t\t<\/div>\n\t\t\t\t\t<\/div>\n\t\t\t\t<\/div>\n\t\t<div class=\"elementor-element elementor-element-fe0b72b e-flex e-con-boxed wcf-starter-animations-none e-con e-parent\" data-id=\"fe0b72b\" data-element_type=\"container\" data-e-type=\"container\" data-settings=\"{&quot;wcf_enable_cursor_hover_effect_text&quot;:&quot;View&quot;,&quot;wcf-animation&quot;:&quot;none&quot;}\">\n\t\t\t\t\t<div class=\"e-con-inner\">\n\t\t\t\t<div class=\"elementor-element elementor-element-c13f33c wcf-starter-animations-none wcf-t-animation-none elementor-widget elementor-widget-text-editor\" data-id=\"c13f33c\" data-element_type=\"widget\" data-e-type=\"widget\" data-settings=\"{&quot;wcf_starter_animations&quot;:&quot;none&quot;,&quot;wcf_anim_duration&quot;:1000,&quot;wcf_anim_delay&quot;:0,&quot;wcf_anim_ease&quot;:&quot;ease&quot;,&quot;wcf_text_animation&quot;:&quot;none&quot;,&quot;wcf-animation&quot;:&quot;none&quot;}\" data-widget_type=\"text-editor.default\">\n\t\t\t\t<div class=\"elementor-widget-container\">\n\t\t\t\t\t\t\t\t\t<p data-start=\"191\" data-end=\"221\"><strong data-start=\"191\" data-end=\"219\">Legal information<\/strong><\/p><p data-start=\"223\" data-end=\"1031\"><strong data-start=\"223\" data-end=\"234\">Content<\/strong><br data-start=\"234\" data-end=\"237\" \/>The content of these pages has been carefully edited and reviewed. However, SKPlan TGA assumes no liability for the timeliness, accuracy, completeness, or quality of the information provided. Liability claims against SKPlan TGA relating to material or immaterial damages caused by the use or non-use of the information provided, or by incorrect or incomplete information, are generally excluded, unless SKPlan TGA is demonstrably guilty of intent or gross negligence. SKPlan TGA expressly reserves the right to change, supplement, delete, or discontinue publication of parts of the website or the entire offering without prior notice.<\/p><p data-start=\"1033\" data-end=\"1812\"><strong data-start=\"1033\" data-end=\"1042\">Links<\/strong><br data-start=\"1042\" data-end=\"1045\" \/>SKPlan TGA assumes no liability or warranty for the content of websites to which our website links directly or indirectly. SKPlan TGA hereby expressly declares that, at the time the links were created, the linked pages contained no illegal content. SKPlan TGA has no influence whatsoever on the current and future design of the linked pages. SKPlan TGA is not responsible for the content, availability, correctness, or accuracy of the linked pages, their offers, links, or advertisements. SKPlan TGA is not liable for illegal, incorrect, or incomplete content, and in particular, not for damages resulting from the use or non-use of the information offered on the linked pages.<\/p><p data-start=\"1814\" data-end=\"2052\"><strong data-start=\"1814\" data-end=\"1830\">copyright<\/strong><br data-start=\"1830\" data-end=\"1833\" \/>The content of this website is protected by copyright. For copyright reasons, the storage and reproduction of texts, audio files, images, or graphics from this website is not permitted.<\/p><p data-start=\"2054\" data-end=\"3025\"><strong data-start=\"2054\" data-end=\"2069\">Data protection<\/strong><br data-start=\"2069\" data-end=\"2072\" \/>Use of our website is generally possible without providing personal data. Insofar as personal data (e.g., name, address, or email addresses) is collected on our site, this is always done on a voluntary basis, where possible. This data will not be passed on to third parties without your express consent. Please note that data transmission over the Internet (e.g., when communicating by email) can have security vulnerabilities. Complete protection of data against access by third parties is not possible. We hereby expressly object to the use of contact data published within the scope of the legal notice by third parties for sending unsolicited advertising and informational materials. The operators of this website expressly reserve the right to take legal action in the event of unsolicited advertising, such as spam emails.<\/p><p data-start=\"3027\" data-end=\"4041\"><strong data-start=\"3027\" data-end=\"3045\">Analytics Services<\/strong><br data-start=\"3045\" data-end=\"3048\" \/>Our website uses Google Analytics, a web analytics service. Google Analytics uses \"cookies,\" which are text files placed on your computer, to help us analyze how users use the site. For this purpose, the usage information generated by the cookie (including your truncated IP address) is transmitted to our server and stored for analysis purposes, which helps us optimize our website. Your IP address is anonymized during this process, so you remain anonymous to us as a user. The information generated by the cookie about your use of this website will not be shared with third parties. You can prevent the use of cookies by selecting the appropriate settings in your browser software; however, please note that if you do this, you may not be able to use the full functionality of this website.<\/p>\t\t\t\t\t\t\t\t<\/div>\n\t\t\t\t<\/div>\n\t\t\t\t\t<\/div>\n\t\t\t\t<\/div>\n\t\t\t\t<\/div>","protected":false},"excerpt":{"rendered":"<p>Impressum SKPlan TGABrunnisaachweg 10, 88677 Markdorf, Deutschland Vertreten durch:Karim Saouib \u00a0 Kontakt:Telefon: +49 (0) 1 76 32 15 32 01E-Mail: s.karim@skplan-tga.comWebsite: www.skplan-tga.com Handelsregister:Steuernummer : 87313\/10228 Verantwortlich f\u00fcr den Inhalt nach \u00a7 55 Abs. 2 RStV:Karim Saouib Rechtliche Informationen InhalteDer Inhalt dieser Seiten wurde sorgf\u00e4ltig bearbeitet und \u00fcberpr\u00fcft. SKPlan TGA \u00fcbernimmt jedoch keine Gew\u00e4hr f\u00fcr die [&hellip;]<\/p>\n","protected":false},"author":1,"featured_media":0,"parent":0,"menu_order":0,"comment_status":"closed","ping_status":"closed","template":"elementor_header_footer","meta":{"footnotes":""},"class_list":["post-10683","page","type-page","status-publish","hentry"],"_links":{"self":[{"href":"https:\/\/skplan-tga.com\/en\/wp-json\/wp\/v2\/pages\/10683","targetHints":{"allow":["GET"]}}],"collection":[{"href":"https:\/\/skplan-tga.com\/en\/wp-json\/wp\/v2\/pages"}],"about":[{"href":"https:\/\/skplan-tga.com\/en\/wp-json\/wp\/v2\/types\/page"}],"author":[{"embeddable":true,"href":"https:\/\/skplan-tga.com\/en\/wp-json\/wp\/v2\/users\/1"}],"replies":[{"embeddable":true,"href":"https:\/\/skplan-tga.com\/en\/wp-json\/wp\/v2\/comments?post=10683"}],"version-history":[{"count":28,"href":"https:\/\/skplan-tga.com\/en\/wp-json\/wp\/v2\/pages\/10683\/revisions"}],"predecessor-version":[{"id":11782,"href":"https:\/\/skplan-tga.com\/en\/wp-json\/wp\/v2\/pages\/10683\/revisions\/11782"}],"wp:attachment":[{"href":"https:\/\/skplan-tga.com\/en\/wp-json\/wp\/v2\/media?parent=10683"}],"curies":[{"name":"wp","href":"https:\/\/api.w.org\/{rel}","templated":true}]}}